{"id":37,"date":"2020-06-16T13:49:33","date_gmt":"2020-06-16T13:49:33","guid":{"rendered":"http:\/\/xn--grnes-sofa-rheine-32b.de\/?page_id=37"},"modified":"2020-06-16T15:30:37","modified_gmt":"2020-06-16T14:30:37","slug":"impressum","status":"publish","type":"page","link":"https:\/\/xn--grnes-sofa-rheine-32b.de\/?page_id=37","title":{"rendered":"Impressum"},"content":{"rendered":"\n<h1>Impressum<\/h1>\n\n\n\n<p><strong>Dieses Internetangebot wird unterhalten von<\/strong><\/p>\n\n\n\n<p><strong>B\u00dcNDNIS 90\/DIE GR\u00dcNEN OV Rheine<\/strong><br>Vertretungsberechtige\/r: Silke Friedrich\/ Albrecht Fleischer (V.i.S.d.P)<br>Auf dem Thie 13<br>48431 Rheine<br><br>E-Mail: info@gruene-rheine.de<br><\/p>\n\n\n\n<p><\/p>\n\n\n\n<p><strong>Haftung f\u00fcr Inhalte<\/strong><\/p>\n\n\n\n<p>Als Diensteanbieter sind wir gem\u00e4\u00df \u00a7 7 Abs.1 TMG f\u00fcr eigene Inhalte auf diesen Seiten nach den allgemeinen Gesetzen verantwortlich. Nach \u00a7\u00a7 8 bis 10 TMG sind wir als Diensteanbieter jedoch nicht verpflichtet, \u00fcbermittelte oder gespeicherte fremde Informationen zu \u00fcberwachen oder nach Umst\u00e4nden zu forschen, die auf eine rechtswidrige T\u00e4tigkeit hinweisen.<\/p>\n\n\n\n<p>Verpflichtungen zur Entfernung oder Sperrung der Nutzung von Informationen nach den allgemeinen Gesetzen bleiben hiervon unber\u00fchrt. Eine diesbez\u00fcgliche Haftung ist jedoch erst ab dem Zeitpunkt der Kenntnis einer konkreten Rechtsverletzung m\u00f6glich. Bei Bekanntwerden von entsprechenden Rechtsverletzungen werden wir diese Inhalte umgehend entfernen.<\/p>\n\n\n\n<p><strong>Haftung f\u00fcr Links<\/strong><\/p>\n\n\n\n<p>Unser Angebot enth\u00e4lt Links zu externen Websites Dritter, auf deren Inhalte wir keinen Einfluss haben. Deshalb k\u00f6nnen wir f\u00fcr diese fremden Inhalte auch keine Gew\u00e4hr \u00fcbernehmen. F\u00fcr die Inhalte der verlinkten Seiten ist stets der jeweilige Anbieter oder Betreiber der Seiten verantwortlich. Die verlinkten Seiten wurden zum Zeitpunkt der Verlinkung auf m\u00f6gliche Rechtsverst\u00f6\u00dfe \u00fcberpr\u00fcft. Rechtswidrige Inhalte waren zum Zeitpunkt der Verlinkung nicht erkennbar.<\/p>\n\n\n\n<p>Eine permanente inhaltliche Kontrolle der verlinkten Seiten ist jedoch ohne konkrete Anhaltspunkte einer Rechtsverletzung nicht zumutbar. Bei Bekanntwerden von Rechtsverletzungen werden wir derartige Links umgehend entfernen.<\/p>\n\n\n\n<p><strong>Datenschutz<\/strong><\/p>\n\n\n\n<p>Wir wissen, dass Du dem Thema Datenschutz gro\u00dfe Bedeutung beimisst. Deshalb ist uns der Schutz Deiner pers\u00f6nlichen Daten ein wichtiges Anliegen.<br>Lies mehr in unserer <a href=\"http:\/\/xn--grnes-sofa-rheine-32b.de\/wp-admin\/post.php?post=43&amp;action=edit\" target=\"_blank\" rel=\"noreferrer noopener\">Datenschutzerkl\u00e4rung<\/a>.<\/p>\n\n\n\n<p><strong>Pers\u00f6nliche Daten<br><\/strong>Pers\u00f6nliche Daten, die Sie uns elektronisch \u00fcbermitteln, z.B. Ihren Namen, Postanschrift, E-Mail-Adresse oder andere pers\u00f6nlichen Angaben, werden von uns nur zum jeweils angegebenen Zweck verwendet, sicher verwahrt und nicht an Dritte weitergegeben. Wir werden Ihnen nur Informationen zuschicken, sofern Sie sich f\u00fcr entsprechende Dienste angemeldet haben.<\/p>\n\n\n\n<p><strong>Recht auf Widerruf<br><\/strong>Sie haben jederzeit das Recht auf Widerruf; schicken Sie bitte eine Mail (info@gruene-rheine.de) an uns. Wir werden Ihre Daten dann umgehend l\u00f6schen.<\/p>\n\n\n\n<p><\/p>\n\n\n\n<p><strong>Verwendung von Cookies<br><\/strong>Es gibt eine Technik, genannt &#8222;Cookies&#8220;, mit deren Hilfe Informationen aus einer Website an Ihre Bed\u00fcrfnisse angepasst werden k\u00f6nnen. Ein Cookie ist ein Datenelement, das eine Website an Ihren Browser schicken kann, um es dort auf Ihrem System zu speichern.<\/p>\n\n\n\n<p>Gelegentlich nutzen auch wir tempor\u00e4re Cookies, damit wir Sie effektiver unterst\u00fctzen k\u00f6nnen, wenn Sie auf eine solche Website zur\u00fcckkommen oder um Formulare, vor Missbrauch und SPAM zu sch\u00fctzen. Sie haben jedoch die M\u00f6glichkeit, Ihren Browser so einzustellen, dass er Sie davon in Kenntnis setzt, wenn Sie ein Cookie erhalten. Dann k\u00f6nnen Sie selbst entscheiden, ob Sie das akzeptieren wollen oder nicht.<\/p>\n\n\n\n<p><em>Firefox (Windows):<\/em> -&gt;Extras -&gt;Einstellungen -&gt;Datenschutz -&gt;Chronik nach benutzerdefinierten Einstellungen anlegen<br>Firefox (Linux): Bearbeiten -&gt;Einstellungen -&gt;Datenschutz -&gt;Chronik nach benutzerdefinierten Einstellungen anlegen<\/p>\n\n\n\n<p><em>IE7+8:<\/em> -&gt;Extras -&gt;Internetoptionen -&gt;Datenschutz -&gt;Erweitert<\/p>\n\n\n\n<p><\/p>\n\n\n\n<h2>Urheberrecht<\/h2>\n\n\n\n<p>Die durch die Seitenbetreiber erstellten Inhalte und Werke auf diesen Seiten unterliegen dem deutschen Urheberrecht. Die Vervielf\u00e4ltigung, Bearbeitung, Verbreitung und jede Art der Verwertung au\u00dferhalb der Grenzen des Urheberrechtes bed\u00fcrfen der schriftlichen Zustimmung des jeweiligen Autors bzw. Erstellers. Downloads und Kopien dieser Seite sind nur f\u00fcr den privaten, nicht kommerziellen Gebrauch gestattet.<\/p>\n\n\n\n<p>Soweit die Inhalte auf dieser Seite nicht vom Betreiber erstellt wurden, werden die Urheberrechte Dritter beachtet. Insbesondere werden Inhalte Dritter als solche gekennzeichnet. Sollten Sie trotzdem auf eine Urheberrechtsverletzung aufmerksam werden, bitten wir um einen entsprechenden Hinweis. Bei Bekanntwerden von Rechtsverletzungen werden wir derartige Inhalte umgehend entfernen.<\/p>\n\n\n\n<p>Alle Inhalte von gr\u00fcnes-sofa-rheine.de werden unter einer <a href=\"http:\/\/creativecommons.org\/licenses\/by\/3.0\/de\/\">Creative-Commons-Lizenz ver\u00f6ffentlicht (Nennung des Urhebers)<\/a>&nbsp;ver\u00f6ffentlicht. Sofern nicht anders angegeben, nutzt gr\u00fcnes-sofa-rheine.de&nbsp;entweder eigene Bilder und Fotos.<\/p>\n","protected":false},"excerpt":{"rendered":"<p>Impressum Dieses Internetangebot wird unterhalten von B\u00dcNDNIS 90\/DIE GR\u00dcNEN OV RheineVertretungsberechtige\/r: Silke Friedrich\/ Albrecht Fleischer (V.i.S.d.P)Auf dem Thie 1348431 Rheine E-Mail: info@gruene-rheine.de Haftung f\u00fcr Inhalte Als Diensteanbieter sind wir gem\u00e4\u00df \u00a7 7 Abs.1 TMG f\u00fcr eigene Inhalte auf diesen Seiten nach den allgemeinen Gesetzen verantwortlich. Nach \u00a7\u00a7 8 bis 10 TMG sind wir als Diensteanbieter [&hellip;]<\/p>\n","protected":false},"author":1,"featured_media":0,"parent":0,"menu_order":0,"comment_status":"closed","ping_status":"closed","template":"","meta":[],"_links":{"self":[{"href":"https:\/\/xn--grnes-sofa-rheine-32b.de\/index.php?rest_route=\/wp\/v2\/pages\/37"}],"collection":[{"href":"https:\/\/xn--grnes-sofa-rheine-32b.de\/index.php?rest_route=\/wp\/v2\/pages"}],"about":[{"href":"https:\/\/xn--grnes-sofa-rheine-32b.de\/index.php?rest_route=\/wp\/v2\/types\/page"}],"author":[{"embeddable":true,"href":"https:\/\/xn--grnes-sofa-rheine-32b.de\/index.php?rest_route=\/wp\/v2\/users\/1"}],"replies":[{"embeddable":true,"href":"https:\/\/xn--grnes-sofa-rheine-32b.de\/index.php?rest_route=%2Fwp%2Fv2%2Fcomments&post=37"}],"version-history":[{"count":5,"href":"https:\/\/xn--grnes-sofa-rheine-32b.de\/index.php?rest_route=\/wp\/v2\/pages\/37\/revisions"}],"predecessor-version":[{"id":49,"href":"https:\/\/xn--grnes-sofa-rheine-32b.de\/index.php?rest_route=\/wp\/v2\/pages\/37\/revisions\/49"}],"wp:attachment":[{"href":"https:\/\/xn--grnes-sofa-rheine-32b.de\/index.php?rest_route=%2Fwp%2Fv2%2Fmedia&parent=37"}],"curies":[{"name":"wp","href":"https:\/\/api.w.org\/{rel}","templated":true}]}}