{"id":43,"date":"2020-06-16T15:25:51","date_gmt":"2020-06-16T14:25:51","guid":{"rendered":"http:\/\/xn--grnes-sofa-rheine-32b.de\/?page_id=43"},"modified":"2022-10-25T07:45:01","modified_gmt":"2022-10-25T06:45:01","slug":"datenschutzerklaerung","status":"publish","type":"page","link":"https:\/\/xn--grnes-sofa-rheine-32b.de\/?page_id=43","title":{"rendered":"Datenschutzerkl\u00e4rung"},"content":{"rendered":"\n<p>Der Schutz Deiner pers\u00f6nlichen Daten ist uns ein besonderes Anliegen. Wir verarbeiten Deine Daten daher ausschlie\u00dflich auf Grundlage der gesetzlichen Bestimmungen (EU-Datenschutzgrundverordnung, Telemediengesetz). In diesen Datenschutzinformationen informieren wir Dich \u00fcber die wichtigsten Aspekte der Datenverarbeitung im Rahmen unserer Website.<\/p>\n\n\n\n<h2>Pers\u00f6nliche Daten<\/h2>\n\n\n\n<p>Pers\u00f6nliche Daten, die Du bei B\u00dcNDNIS 90\/DIE GR\u00dcNEN, Ortsverband Rheine elektronisch \u00fcbermittelst, z.B. Deinen Namen, Postanschrift, E-Mail-Adresse oder andere pers\u00f6nlichen Angaben, werden von uns nur zum jeweils angegebenen Zweck verwendet, sicher verwahrt und nicht an Dritte weitergegeben. B\u00dcNDNIS 90\/DIE GR\u00dcNEN Ortverband Rheine wird Dir nur Informationen zuschicken, sofern Du dich f\u00fcr entsprechende Dienste angemeldet hast.<\/p>\n\n\n\n<h2>Kontakt mit uns<\/h2>\n\n\n\n<p>Wenn Du per Formular auf der Website oder per E-Mail Kontakt mit uns aufnimmst, werden Deine angegebenen Daten zwecks Bearbeitung der Anfrage und f\u00fcr den Fall von Anschlussfragen sechs Monate bei uns gespeichert.<\/p>\n\n\n\n<h2>Datenl\u00f6schung und Speicherung<\/h2>\n\n\n\n<p>Deine personenbezogenen Daten werden gel\u00f6scht oder gesperrt, sobald der Zweck der Speicherung entf\u00e4llt. Eine l\u00e4ngere Speicherung kann dann erfolgen, wenn der L\u00f6schung eine gesetzliche Aufbewahrungsfrist z.B. entsprechend des Parteienrechts entgegensteht. Eine Weitergabe an Dritte erfolgt nicht.<\/p>\n\n\n\n<h2>Rechtsgrundlage<\/h2>\n\n\n\n<p>Die Datenverarbeitung erfolgt auf Basis der gesetzlichen Bestimmungen und folgender Rechtsgrundlagen:<\/p>\n\n\n\n<p>\u2013 Einwilligung<\/p>\n\n\n\n<p>\u2013 Vertragserf\u00fcllung oder vorvertragliche Ma\u00dfnahmen<\/p>\n\n\n\n<p>\u2013 rechtliche Verpflichtungen<\/p>\n\n\n\n<p>\u2013 Zur Wahrung eines berechtigten Interesses. Die Interessen, Grundrechte und Grundfreiheiten der Betroffenen \u00fcberwiegen das erstgenannte Interesse nicht.<\/p>\n\n\n\n<p>Unser Anliegen im Sinne der DSGVO (berechtigtes Interesse) ist die Verbesserung unseres Angebotes und unseres Webauftritts. Da uns die Privatsph\u00e4re unserer Nutzer wichtig ist, werden die Nutzerdaten pseudonymisiert. Die Daten werden von uns f\u00fcr ein Jahr zu Nutzungsanalysezwecken gespeichert. Deine IP-Adresse wird bei diesem Vorgang umgehend anonymisiert, so dass Du als Nutzer f\u00fcr uns anonym bleibst. Die durch den Cookie erzeugten Informationen \u00fcber Deine Benutzung dieser Webseite werden nicht an Dritte weiter gegeben.<\/p>\n\n\n\n<h2>Eingebundene YouTube-Videos<\/h2>\n\n\n\n<p>Die Webseite gr\u00fcnes-sofa-rheine.de bindet YouTube-Videos ein. Die eingebundenen Clips legen bei dem Aufrufen der Seite Cookies auf den Computern der User ab. Wer das Setzen von Cookies f\u00fcr das Google-Werbeprogramm deaktiviert hat, wird auch beim Aufrufen von YouTube-Clips mit keinen solchen Cookies rechnen m\u00fcssen. YouTube legt aber auch in anderen Cookies nicht-personenbezogene Nutzungsinformationen ab. M\u00f6chtest Du dies verhindern, musst Du das im Browser blockieren.<\/p>\n\n\n\n<h2>Verwendung von Social Plugins (Facebook, Twitter, Google+)<\/h2>\n\n\n\n<p>Die Webseite gr\u00fcnes-sofa-rheine.de verwendet mit den \u201eTeilen\u201c Buttons am Anfang der Artikel sogenannte Social Plugins von Facebook, Twitter und Google+. Das Plugin ist mit den entsprechenden Logos gekennzeichnet. Wenn Du dieses Plugin durch Anklicken des jeweiligen Buttons aufrufst, wird eine Verbindung z.B. zu den Facebook-Servern hergestellt. Damit werden Daten an ein au\u00dfereurop\u00e4isches Drittland \u00fcbertragen. Hierdurch wird an den Facebook-Server \u00fcbermittelt, welche unserer Internetseiten Du besucht hast. Bist du dabei als Mitglied bei Facebook eingeloggt, ordnet Facebook diese Information Deinem pers\u00f6nlichen Facebook-Benutzerkonto zu. Beim Anklicken des \u201eEmpfehlen\u201c-Buttons werden diese Informationen Deinem Facebook-Konto zugeordnet, was Du nur durch Ausloggen vor Nutzung des Plugins verhindern kannst. N\u00e4here Informationen zur Erhebung und Nutzung der Daten durch Facebook, \u00fcber Deine diesbez\u00fcglichen Rechte und M\u00f6glichkeiten zum Schutz Deiner Privatsph\u00e4re findest Du in den Datenschutzhinweisen von Facebook.<\/p>\n\n\n\n<h2>Verwendung von Cookies<\/h2>\n\n\n\n<p>Es gibt eine Technik, genannt \u201eCookies\u201c, mit deren Hilfe Informationen aus einer Webseite an Deine Bed\u00fcrfnisse angepasst werden k\u00f6nnen. Ein Cookie ist ein Datenelement, das eine Webseite an Deinen Browser schicken kann, um es dort auf Deinem System zu speichern.<\/p>\n\n\n\n<p>Gelegentlich nutzen auch wir tempor\u00e4re Cookies, damit wir Dich effektiver unterst\u00fctzen k\u00f6nnen, wenn Du auf eine solche Webseite zur\u00fcckkommst. Du hast jedoch die M\u00f6glichkeit, Deinen Browser so einzustellen, dass er Dich davon in Kenntnis setzt, wenn Du einen Cookie erh\u00e4ltst. Dann kannst Du selbst entscheiden, ob Du das akzeptieren willst, oder nicht.<br>Netscape, Mozilla, Firefox: -&gt;Bearbeiten -&gt;Einstellungen -&gt;Erweitert -&gt;Cookies<br>Explorer: -&gt;Ansicht -&gt;Internetoptionen -&gt;Erweitert -&gt;Cookies<\/p>\n\n\n\n<h2>Links zu anderen Webseiten<\/h2>\n\n\n\n<p>Unser Angebot enth\u00e4lt Links zu externen Webseiten Dritter, auf deren Inhalte wir keinen Einfluss haben. Deshalb k\u00f6nnen wir f\u00fcr diese fremden Inhalte auch keine Gew\u00e4hr \u00fcbernehmen. F\u00fcr die Inhalte der verlinkten Seiten ist stets der jeweilige Anbieter oder Betreiber der Seiten verantwortlich. Die verlinkten Seiten wurden zum Zeitpunkt der Verlinkung auf m\u00f6gliche Rechtsverst\u00f6\u00dfe \u00fcberpr\u00fcft. Rechtswidrige Inhalte waren zum Zeitpunkt der Verlinkung nicht erkennbar. Eine permanente inhaltliche Kontrolle der verlinkten Seiten ist jedoch ohne konkrete Anhaltspunkte einer Rechtsverletzung nicht zumutbar. Bei bekannt werden von Rechtsverletzungen werden wir derartige Links umgehend entfernen.<\/p>\n\n\n\n<h2>Informationen zum Datenschutz: Gr\u00fcne Mitmach-Aktionen<\/h2>\n\n\n\n<p>Der Schutz Deiner pers\u00f6nlichen Daten ist uns ein besonderes Anliegen. Wir verarbeiten Deine Daten daher ausschlie\u00dflich auf Grundlage der gesetzlichen Bestimmungen gem\u00e4\u00df der Europ\u00e4ischen Datenschutzgrundverordnung (DSGVO) und des Bundesdatenschutzgesetz (BDSG).<\/p>\n\n\n\n<h3>Pers\u00f6nliche Daten<\/h3>\n\n\n\n<p>Pers\u00f6nliche Daten, die Du bei B\u00dcNDNIS 90\/DIE GR\u00dcNEN, Ortsverband Rheine elektronisch \u00fcbermittelst, werden von uns nur zum jeweils angegebenen Zweck verwendet, sicher verwahrt und nicht an Dritte weitergegeben. B\u00dcNDNIS 90\/DIE GR\u00dcNEN, Ortsverband Rheinewird Dir nur Informationen zuschicken, sofern Du dich f\u00fcr entsprechende Dienste angemeldet hast.<\/p>\n\n\n\n<h3>Welche pers\u00f6nlichen Daten werden erfasst?<\/h3>\n\n\n\n<p>Du kannst uns im Rahmen der Teilnahme an unterschiedlichen Mitmach-Aktionen (z.B. Unterzeichnung einer Petition, Spenden, Anmeldung zu einer Veranstaltung etc.) sowie durch das ausf\u00fcllen von Online-Formularen pers\u00f6nliche Daten \u00fcbermitteln:<\/p>\n\n\n\n<p>\u2013 Name<br>\u2013 Postanschrift<br>\u2013 Telefonnummer<br>\u2013 E-Mail-Adresse<br>\u2013 Zahlungsverkehrs- und -auftragsdaten (z.B. Bankverbindungs-\/Kreditkartendaten, Zahlungsauftr\u00e4ge)<br>\u2013 Spendenhistorie<br>\u2013 Interessen<br>\u2013 Interessenhistorie<\/p>\n\n\n\n<p>Sofern es w\u00e4hrend der Mitgliedschaft oder der Spenden- und Interessentenbetreuung von Mitmach-Aktionen zu unmittelbaren Kontakten mit Dir kommt, werden weitere Daten wie z.B. Informationen \u00fcber Kontaktkanal, Datum, Anlass und Ergebnis sowie Kopien des Schriftverkehrs verarbeitet.<\/p>\n\n\n\n<h3>Rechtsgrundlage: Gesetzliche Bestimmungen und Datenschutz-Grundverordnung (DSGVO)<\/h3>\n\n\n\n<p>Die Datenverarbeitung erfolgt auf Basis der gesetzlichen Bestimmungen und folgender Rechtsgrundlagen gem\u00e4\u00df Artikel 6 Abs. 1 der Europ\u00e4ischen Datenschutz-Grundverordnung (DSGVO):<\/p>\n\n\n\n<p>\u2013 Einwilligung;<br>\u2013 Vertragserf\u00fcllung (z.B. Mitgliedschaft, Spende, Mitmach-Aktion) oder vorvertragliche Ma\u00dfnahmen (z.B. Kontaktanfragen, Informationsbestellungen);<br>\u2013 rechtliche Verpflichtungen;<br>\u2013 zur Wahrung eines berechtigten Interesses. Die schutzw\u00fcrdigen Interessen der Betroffenen \u00fcberwiegen das erstgenannte Interesse nicht.<\/p>\n\n\n\n<h3>Nutzungszweck<\/h3>\n\n\n\n<p>Unser Anliegen im Sinne der DSGVO (berechtigtes Interesse) ist die Verbesserung unseres Angebotes im Rahmen von Mitmach-Aktionen und unseres Webauftritts. Wir verarbeiten Deine Daten zum Beispiel auf der Basis der Mitgliedschaft, der Spendenbeziehung, von Mitmach-Aktionen, bestehender Vertr\u00e4ge oder von Anfragen f\u00fcr bedarfsgerechte, an Deinen Interessen orientierte Informationen im Rahmen der satzungsgem\u00e4\u00dfen Zwecke von B\u00dcNDNIS 90\/DIE GR\u00dcNEN.<\/p>\n\n\n\n<p>Soweit Du uns eine Einwilligung zur Verarbeitung von personenbezogenen Daten f\u00fcr bestimmte Zwecke erteilt hast, ist die Rechtm\u00e4\u00dfigkeit dieser Verarbeitung auf Basis Deiner Einwilligung nach Art. 6 Abs. 1 DSGVO gegegeben. Eine erteilte Einwilligung kann jederzeit mit Wirkung f\u00fcr die Zukunft per Mail an info@gruene-rheine.de widerrufen werden. Die Datenverarbeitung bis zum Widerruf erfolgte in diesem Falle rechtm\u00e4\u00dfig. Einwilligungen k\u00f6nnen unter anderem erteilt werden f\u00fcr<\/p>\n\n\n\n<p>\u2013 die \u00dcbersendung des an Deinen Interessen orientierten (z.B. im Rahmen von Informationsanforderungen) Newsletters an Deine E-Mail-Adresse;<\/p>\n\n\n\n<p>\u2013 die Verwendung des Anlasses\/Inhalts einer Teilnahme an Aktionen f\u00fcr die interessensgerechte, inhaltliche Ausgestaltung des Newsletters, wobei es sich hierbei je nach Inhalt der Aktion um besondere Kategorien personenbezogener Daten nach Art. 9 DSGVO handeln kann und die Einwilligung hierzu einen gesonderten Hinweis enth\u00e4lt;<\/p>\n\n\n\n<p>\u2013 die telefonische Werbung im Rahmen der satzungsgem\u00e4\u00dfen Zwecke von B\u00dcNDNIS 90\/DIE GR\u00dcNEN auch f\u00fcr Spenden zugunsten von B\u00dcNDNIS 90\/DIE GR\u00dcNEN.<\/p>\n\n\n\n<h3>Empf\u00e4nger und Kategorien von Empf\u00e4ngern der Daten<\/h3>\n\n\n\n<p>Deine Daten gehen ausschlie\u00dflich an B\u00dcNDNIS 90\/DIE GR\u00dcNEN. <\/p>\n\n\n\n<p>Es erhalten nur diejenigen Stellen von B\u00dcNDNIS 90\/DIE GR\u00dcNEN Zugriff auf Deine Daten, die diese zur Erf\u00fcllung unserer vertraglichen und gesetzlichen Pflichten ben\u00f6tigen. Auch von B\u00dcNDNIS 90\/DIE GR\u00dcNEN eingesetzte Dienstleister k\u00f6nnen zu diesen Zwecken Daten erhalten, wenn diese als Auftragsverarbeiter nach Art. 28 DSGVO beauftragt werden. M\u00f6gliche Empf\u00e4nger personenbezogener Daten sind hiernach z.B.:<\/p>\n\n\n\n<p>\u2013 im Rahmen der satzungem\u00e4\u00dfen Mitgliedschaft bei B\u00dcNDNIS 90\/DIE GR\u00dcNEN die f\u00fcr Deinen Wohnsitz zust\u00e4ndigen Landesverb\u00e4nde und regionalen Gliederungen;<\/p>\n\n\n\n<p>\u2013 Kooperationspartner, mit denen gemeinsam Aktionen und Projekte (z.B. Mitmach-Aktionen) online oder mittels Printprodukten durchgef\u00fchrt werden;<\/p>\n\n\n\n<p>\u2013 \u00f6ffentliche Stellen und Institutionen (z.B. Finanzbeh\u00f6rden, Bundeszentralamt f\u00fcr Steuern) bei Vorliegen einer gesetzlichen oder beh\u00f6rdlichen Verpflichtung;<\/p>\n\n\n\n<p>\u2013 Auftragsverarbeiter z.B. f\u00fcr die Mitglieder- und Spendenwerbung, f\u00fcr die Unterst\u00fctzung\/Wartung von EDV-\/IT-Anwendungen, die Archivierung, die Belegbearbeitung, Call-Center-Services, Compliance-Services, das Controlling, das Datenscreening nach gesetzlichen Vorgaben, den Druck und Versand von personalisierten Schreiben, den E-Mail-Versand, die Datenvernichtung, von Wirtschaftspr\u00fcfungsdienstleistungen und den Zahlungsverkehr;<\/p>\n\n\n\n<p>\u2013 weitere Datenempf\u00e4nger auf der Grundlage einer von Dir erteilten Einwilligung.<\/p>\n\n\n\n<h3>\u00dcbermittlung von Daten in ein Drittland<\/h3>\n\n\n\n<p>Eine Daten\u00fcbermittlung in L\u00e4nder au\u00dferhalb der EU bzw. des EWR (sogenannte Drittstaaten) findet nur statt, soweit dies zur Ausf\u00fchrung Deiner Auftr\u00e4ge erforderlich, gesetzlich vorgeschrieben ist (z.B. steuerrechtliche Meldepflichten), Du uns eine Einwilligung erteilt hast oder im Rahmen einer Auftragsdatenverarbeitung.<\/p>\n\n\n\n<p>Im Rahmen von Mitmach-Aktionen verarbeiten wir Deine Daten \u00fcber die Nonprofit-Plattform \u201eAction Network\u201c, die Individuen und Gruppen dabei unterst\u00fctzt, f\u00fcr progressive Ziele zu mobilisieren und zu organisieren. Hierf\u00fcr werden Deine Daten an \u201eAction Network\u201c (Washington, District of Columbia, USA) \u00fcbertragen. B\u00dcNDNIS 90\/DIE GR\u00dcNEN haben mit \u201eAction Network\u201c eine Auftragsdatenvereinbarung getroffen, die \u201eAction Network\u201c zur Einhaltung des Datenschutzniveaus in Europa gem\u00e4\u00df DSGVO verpflichtet.<\/p>\n\n\n\n<p>Dar\u00fcber hinaus hat \u201eAction Network\u201c angemessene Sicherheitsvorkehrungen getroffen, damit pers\u00f6nliche Daten gesch\u00fctzt bleiben. Zu diesen Sicherheitsvorkehrungen geh\u00f6rt die Umsetzung der Standardvertragsklauseln der Europ\u00e4ischen Kommission f\u00fcr die \u00dcbermittlung personenbezogener Daten mit Drittdienstanbietern und Partnern von \u201eAction Network\u201c. Diese Standardvertragsklauseln verpflichten \u201eAction Network\u201c, Drittdienstanbieter und Partner dazu, alle personenbezogenen Daten aus dem Europ\u00e4ischen Wirtschaftsraum gem\u00e4\u00df europ\u00e4ischem Datenschutzrecht zu verarbeiten. Weitere Details k\u00f6nnen auf Anfrage zur Verf\u00fcgung gestellt werden.<\/p>\n\n\n\n<h3>Datenl\u00f6schung und Speicherung<\/h3>\n\n\n\n<p>Deine personenbezogenen Daten werden gel\u00f6scht oder gesperrt, sobald der Zweck der Speicherung entf\u00e4llt oder Du uns per E-Mail an info@gruene.de dazu aufforderst, die Daten zu l\u00f6schen. Eine l\u00e4ngere Speicherung kann dann erfolgen, wenn der L\u00f6schung eine gesetzliche Aufbewahrungsfrist z.B. entsprechend des Parteienrechts entgegensteht. Eine Weitergabe an Dritte erfolgt nicht.<\/p>\n\n\n\n<h3>Nutzungsbedingungen und Kontakt<\/h3>\n\n\n\n<p>Weitere Informationen zur Nutzung dieses Internetangebots findest Du in unseren Nutzungsbedingungen und in unserem Impressum.<\/p>\n\n\n\n<h3>Gr\u00fcne Online-Veranstaltungen<\/h3>\n\n\n\n<p>Zur Durchf\u00fchrung online gest\u00fctzter Veranstaltungen (parteiintern wie \u00f6ffentlich) nutzen B\u00dcNDNIS 90\/DIE GR\u00dcNEN die Software GoToMeeting und GoToWebinar des Anbieters LogMeIn Ireland Limited. Dabei werden \u00fcber die Webseite des Anbieters personenbezogene Daten (insbesondere Vorname,Name, E-Mailadresse) erhoben und gespeichert. Rechtsgrundlage f\u00fcr diese Datenverarbeitung ist Art. 6 Abs. 1 lit. b DSGVO (\u201eVertragserf\u00fcllung\u201c).<\/p>\n\n\n\n<p>Die Daten werden im gesetzlich zul\u00e4ssigen Rahmen in Deutschland, der Europ\u00e4ischen Union und USA verarbeitet. Dar\u00fcber hinaus hat LogMeIn angemessene Sicherheitsvorkehrungen getroffen, damit pers\u00f6nliche Daten gesch\u00fctzt bleiben. Zu diesen Sicherheitsvorkehrungen geh\u00f6rt die Umsetzung der Standardvertragsklauseln der Europ\u00e4ischen Kommission f\u00fcr die \u00dcbermittlung personenbezogener Daten mit Drittdienstanbietern und Partnern von LogmeIn. <a href=\"https:\/\/www.logmeininc.com\/de\/gdpr\/gdpr-compliance\" target=\"_blank\" rel=\"noreferrer noopener\">Eine \u00dcbersicht \u00fcber die Datenschutzregelungen findest Du hier<\/a>. LogMeIn verarbeitet diese Daten als Auftragsverarbeiter gem\u00e4\u00df Art. 28 DSGVO.<\/p>\n\n\n\n<p>Eine Verarbeitung der Daten \u00fcber die in den Datenschutzbestimmungen beschriebenen Zwecke hinaus oder eine \u00dcbermittlung der Daten an sonstige Dritte findet durch B\u00dcNDNIS 90\/DIE GR\u00dcNEN nicht statt.<\/p>\n\n\n\n<h2>Deine Rechte<\/h2>\n\n\n\n<p><strong>Dir stehen grunds\u00e4tzlich die Rechte auf Auskunft, Berichtigung, L\u00f6schung, Einschr\u00e4nkung, Daten\u00fcbertragbarkeit, Widerruf und Widerspruch zu. Wenn Du glaubst, dass die Verarbeitung Deiner Daten gegen das Datenschutzrecht verst\u00f6\u00dft oder Deine datenschutzrechtlichen Anspr\u00fcche sonst in einer Weise verletzt worden sind, kannst Du Dich bei der Aufsichtsbeh\u00f6rde beschweren. In Deutschland sind dies die jeweiligen Landes-Datenschutzbeauftragten.<\/strong><\/p>\n\n\n\n<h2>Du erreichst uns unter folgenden Kontaktdaten<\/h2>\n\n\n\n<p>E-Mail: info@gruene-rheine.de<br>Post: B\u00dcNDNIS 90\/DIE GR\u00dcNEN, Ortsverband Rheine, Auf dem Thie 13, 48431 Rheine<\/p>\n\n\n\n<p>E-Mail: info@gruene-rheine.de<\/p>\n\n\n\n<p><\/p>\n\n\n\n<p><strong>Unseren Datenschutzbeauftragten<\/strong> erreichst Du unter: SCO-CON:SULT, Hauptstra\u00dfe 27, 53604 Bad Honnef; datenschutz@gruene.de; Tel.: 02224\/988290<\/p>\n\n\n\n<h2>F\u00fcr den Datenschutz zust\u00e4ndige Beschwerdestelle:<\/h2>\n\n\n\n<p>Landesbeauftragte f\u00fcr den Datenschutz Nordrhein-Westfalen<br>Kavalleriestr. 2-4, 40213 D\u00fcsseldorf<br>Tel.: 0211\/38424-0<br>Fax: 0211\/38424-10<br>E-Mail: poststelle@ldi.nrw.de<\/p>\n","protected":false},"excerpt":{"rendered":"<p>Der Schutz Deiner pers\u00f6nlichen Daten ist uns ein besonderes Anliegen. Wir verarbeiten Deine Daten daher ausschlie\u00dflich auf Grundlage der gesetzlichen Bestimmungen (EU-Datenschutzgrundverordnung, Telemediengesetz). In diesen Datenschutzinformationen informieren wir Dich \u00fcber die wichtigsten Aspekte der Datenverarbeitung im Rahmen unserer Website. Pers\u00f6nliche Daten Pers\u00f6nliche Daten, die Du bei B\u00dcNDNIS 90\/DIE GR\u00dcNEN, Ortsverband Rheine elektronisch \u00fcbermittelst, z.B. Deinen [&hellip;]<\/p>\n","protected":false},"author":1,"featured_media":0,"parent":0,"menu_order":0,"comment_status":"closed","ping_status":"closed","template":"","meta":[],"_links":{"self":[{"href":"https:\/\/xn--grnes-sofa-rheine-32b.de\/index.php?rest_route=\/wp\/v2\/pages\/43"}],"collection":[{"href":"https:\/\/xn--grnes-sofa-rheine-32b.de\/index.php?rest_route=\/wp\/v2\/pages"}],"about":[{"href":"https:\/\/xn--grnes-sofa-rheine-32b.de\/index.php?rest_route=\/wp\/v2\/types\/page"}],"author":[{"embeddable":true,"href":"https:\/\/xn--grnes-sofa-rheine-32b.de\/index.php?rest_route=\/wp\/v2\/users\/1"}],"replies":[{"embeddable":true,"href":"https:\/\/xn--grnes-sofa-rheine-32b.de\/index.php?rest_route=%2Fwp%2Fv2%2Fcomments&post=43"}],"version-history":[{"count":2,"href":"https:\/\/xn--grnes-sofa-rheine-32b.de\/index.php?rest_route=\/wp\/v2\/pages\/43\/revisions"}],"predecessor-version":[{"id":46,"href":"https:\/\/xn--grnes-sofa-rheine-32b.de\/index.php?rest_route=\/wp\/v2\/pages\/43\/revisions\/46"}],"wp:attachment":[{"href":"https:\/\/xn--grnes-sofa-rheine-32b.de\/index.php?rest_route=%2Fwp%2Fv2%2Fmedia&parent=43"}],"curies":[{"name":"wp","href":"https:\/\/api.w.org\/{rel}","templated":true}]}}