{"id":78,"date":"2020-06-16T17:55:30","date_gmt":"2020-06-16T16:55:30","guid":{"rendered":"http:\/\/xn--grnes-sofa-rheine-32b.de\/?page_id=78"},"modified":"2020-08-19T21:52:06","modified_gmt":"2020-08-19T20:52:06","slug":"das-gruene-sofa","status":"publish","type":"page","link":"https:\/\/xn--grnes-sofa-rheine-32b.de\/","title":{"rendered":"Das gr\u00fcne Sofa"},"content":{"rendered":"\n<h2>Was ist das gr\u00fcne Sofa?<\/h2>\n\n\n\n<p>Das gr\u00fcne Sofa ist ein Ort f\u00fcr kommunale gr\u00fcne, soziale und wirtschaftspolitische Themen. Zudem suchen wir den Austausch mit interessierten B\u00fcrgerinnen und B\u00fcrgern der Stadt Rheine und der umliegenden Gemeinden, indem auf dieser Seite sachlich, offen und fair diskutiert werden kann.<\/p>\n\n\n\n<p>Wir, der Ortsverband von B\u00fcndnis 90\/Die Gr\u00fcnen in Rheine nutzen diese Webseite zur Vorstellung unserer gr\u00fcnen Kernforderungen und -projekte und wollen ihnen zudem die &#8222;K\u00f6pfe&#8220; vorstellen, die diese Themen f\u00fcr die B\u00fcrgerinnen und B\u00fcrger der Stadt Rheine vertreten m\u00f6chten.<\/p>\n\n\n\n<figure class=\"wp-block-image size-large is-resized\"><img loading=\"lazy\" src=\"http:\/\/xn--grnes-sofa-rheine-32b.de\/wp-content\/uploads\/2020\/07\/Sofa-Ulli3-1-1024x578.jpg\" alt=\"\" class=\"wp-image-116\" width=\"1215\" height=\"686\" srcset=\"https:\/\/xn--grnes-sofa-rheine-32b.de\/wp-content\/uploads\/2020\/07\/Sofa-Ulli3-1-1024x578.jpg 1024w, https:\/\/xn--grnes-sofa-rheine-32b.de\/wp-content\/uploads\/2020\/07\/Sofa-Ulli3-1-300x169.jpg 300w, https:\/\/xn--grnes-sofa-rheine-32b.de\/wp-content\/uploads\/2020\/07\/Sofa-Ulli3-1-768x434.jpg 768w, https:\/\/xn--grnes-sofa-rheine-32b.de\/wp-content\/uploads\/2020\/07\/Sofa-Ulli3-1-1536x867.jpg 1536w, https:\/\/xn--grnes-sofa-rheine-32b.de\/wp-content\/uploads\/2020\/07\/Sofa-Ulli3-1-2048x1157.jpg 2048w\" sizes=\"(max-width: 1215px) 100vw, 1215px\" \/><figcaption>Das Gr\u00fcne Sofa auf dem Bentlager Biohof<\/figcaption><\/figure>\n\n\n\n<p>Dazu stellen wir auf unserem gr\u00fcnen Sofa interessante Beitr\u00e4ge zu gr\u00fcnen, sozialen und wirtschaftlichen Themen rund um den Kommunalwahlkampf in Rheine vor. Auch Experten-Interviews  gibt es. Dies pr\u00e4sentieren wir als Video-Podcasts auf dieser Seite.<\/p>\n\n\n\n<p>Wir w\u00fcnschen eine angeregte und konstruktive Diskussion.<\/p>\n","protected":false},"excerpt":{"rendered":"<p>Was ist das gr\u00fcne Sofa? Das gr\u00fcne Sofa ist ein Ort f\u00fcr kommunale gr\u00fcne, soziale und wirtschaftspolitische Themen. Zudem suchen wir den Austausch mit interessierten B\u00fcrgerinnen und B\u00fcrgern der Stadt Rheine und der umliegenden Gemeinden, indem auf dieser Seite sachlich, offen und fair diskutiert werden kann. Wir, der Ortsverband von B\u00fcndnis 90\/Die Gr\u00fcnen in Rheine [&hellip;]<\/p>\n","protected":false},"author":1,"featured_media":0,"parent":0,"menu_order":0,"comment_status":"closed","ping_status":"closed","template":"","meta":[],"_links":{"self":[{"href":"https:\/\/xn--grnes-sofa-rheine-32b.de\/index.php?rest_route=\/wp\/v2\/pages\/78"}],"collection":[{"href":"https:\/\/xn--grnes-sofa-rheine-32b.de\/index.php?rest_route=\/wp\/v2\/pages"}],"about":[{"href":"https:\/\/xn--grnes-sofa-rheine-32b.de\/index.php?rest_route=\/wp\/v2\/types\/page"}],"author":[{"embeddable":true,"href":"https:\/\/xn--grnes-sofa-rheine-32b.de\/index.php?rest_route=\/wp\/v2\/users\/1"}],"replies":[{"embeddable":true,"href":"https:\/\/xn--grnes-sofa-rheine-32b.de\/index.php?rest_route=%2Fwp%2Fv2%2Fcomments&post=78"}],"version-history":[{"count":6,"href":"https:\/\/xn--grnes-sofa-rheine-32b.de\/index.php?rest_route=\/wp\/v2\/pages\/78\/revisions"}],"predecessor-version":[{"id":140,"href":"https:\/\/xn--grnes-sofa-rheine-32b.de\/index.php?rest_route=\/wp\/v2\/pages\/78\/revisions\/140"}],"wp:attachment":[{"href":"https:\/\/xn--grnes-sofa-rheine-32b.de\/index.php?rest_route=%2Fwp%2Fv2%2Fmedia&parent=78"}],"curies":[{"name":"wp","href":"https:\/\/api.w.org\/{rel}","templated":true}]}}